{"id":40049,"date":"2024-11-07T08:27:46","date_gmt":"2024-11-07T08:27:46","guid":{"rendered":"https:\/\/mariakang.essedi.es\/?page_id=40049"},"modified":"2024-12-02T10:13:41","modified_gmt":"2024-12-02T10:13:41","slug":"contactanos","status":"publish","type":"page","link":"https:\/\/www.acupunturashin.es\/en\/contactanos\/","title":{"rendered":"Cont\u00e1ctanos"},"content":{"rendered":"<div data-elementor-type=\"wp-page\" data-elementor-id=\"40049\" class=\"elementor elementor-40049\">\n\t\t\t\t<section class=\"elementor-element elementor-element-f1fc847 e-con-full e-flex cmsmasters-bg-hide-none cmsmasters-bg-hide-none cmsmasters-block-default e-con e-child\" data-id=\"f1fc847\" data-element_type=\"container\" data-settings=\"{&quot;background_background&quot;:&quot;classic&quot;}\">\n\t\t\t\t<div class=\"elementor-element elementor-element-a8a3514 cmsmasters-block-default cmsmasters-sticky-default elementor-widget elementor-widget-heading\" data-id=\"a8a3514\" data-element_type=\"widget\" data-widget_type=\"heading.default\">\n\t\t\t\t<div class=\"elementor-widget-container\">\n\t\t\t<h6 class=\"elementor-heading-title elementor-size-default\">Contact us<\/h6>\t\t<\/div>\n\t\t\t\t<\/div>\n\t\t\t\t<div class=\"elementor-element elementor-element-b1a8f04 elementor-widget__width-initial cmsmasters-block-default cmsmasters-sticky-default elementor-widget elementor-widget-heading\" data-id=\"b1a8f04\" data-element_type=\"widget\" data-widget_type=\"heading.default\">\n\t\t\t\t<div class=\"elementor-widget-container\">\n\t\t\t<h1 class=\"elementor-heading-title elementor-size-default\">Contact us!<\/h1>\t\t<\/div>\n\t\t\t\t<\/div>\n\t\t<div class=\"elementor-element elementor-element-3c50204 e-con-full e-flex cmsmasters-block-default e-con e-child\" data-id=\"3c50204\" data-element_type=\"container\">\n\t\t\t\t<div class=\"elementor-element elementor-element-3f2d776 cmsmasters-featured-box__graphic-align-left elementor-widget__width-initial cmsmasters-featured-box__link-box cmsmasters-featured-box__image_fit-none cmsmasters-featured-box__graphic-position-column cmsmasters-featured-box__graphic-position-tablet-column cmsmasters-featured-box__graphic-position-mobile-column cmsmasters-featured-box__text-valign-middle cmsmasters-block-default cmsmasters-sticky-default elementor-widget elementor-widget-cmsmasters-featured-box\" data-id=\"3f2d776\" data-element_type=\"widget\" data-widget_type=\"cmsmasters-featured-box.default\">\n\t\t\t\t<div class=\"elementor-widget-container\">\n\t\t\t<a href=\"tel: 34963262928\" class=\"elementor-widget-cmsmasters-featured-box__wrapper\"><div class=\"elementor-widget-cmsmasters-featured-box__content\">\n\t\t\t\t<div class=\"elementor-widget-cmsmasters-featured-box__content-vertical-inner\"><div class=\"elementor-widget-cmsmasters-featured-box__type-wrap elementor-widget-cmsmasters-featured-box__content-item\"><div class=\"elementor-widget-cmsmasters-featured-box__title elementor-widget-cmsmasters-featured-box__content-item\">Call us<\/div><div class=\"elementor-widget-cmsmasters-featured-box__description elementor-widget-cmsmasters-featured-box__content-item\">+34 963 26 29 28<\/div><\/div>\n\t\t\t\t<\/div>\n\t\t\t<\/div>\n\t\t<\/a>\t\t<\/div>\n\t\t\t\t<\/div>\n\t\t\t\t<div class=\"elementor-element elementor-element-5f77d5c cmsmasters-featured-box__graphic-align-left elementor-widget__width-initial cmsmasters-featured-box__link-box cmsmasters-featured-box__image_fit-none cmsmasters-featured-box__graphic-position-column cmsmasters-featured-box__graphic-position-tablet-column cmsmasters-featured-box__graphic-position-mobile-column cmsmasters-featured-box__text-valign-middle cmsmasters-block-default cmsmasters-sticky-default elementor-widget elementor-widget-cmsmasters-featured-box\" data-id=\"5f77d5c\" data-element_type=\"widget\" data-widget_type=\"cmsmasters-featured-box.default\">\n\t\t\t\t<div class=\"elementor-widget-container\">\n\t\t\t<a href=\"https:\/\/wa.me\/34657405287\" class=\"elementor-widget-cmsmasters-featured-box__wrapper\"><div class=\"elementor-widget-cmsmasters-featured-box__content\">\n\t\t\t\t<div class=\"elementor-widget-cmsmasters-featured-box__content-vertical-inner\"><div class=\"elementor-widget-cmsmasters-featured-box__type-wrap elementor-widget-cmsmasters-featured-box__content-item\"><div class=\"elementor-widget-cmsmasters-featured-box__title elementor-widget-cmsmasters-featured-box__content-item\">WhatsApp us<\/div><div class=\"elementor-widget-cmsmasters-featured-box__description elementor-widget-cmsmasters-featured-box__content-item\">+34 657 40 52 87<\/div><\/div>\n\t\t\t\t<\/div>\n\t\t\t<\/div>\n\t\t<\/a>\t\t<\/div>\n\t\t\t\t<\/div>\n\t\t\t\t<\/div>\n\t\t\t\t<\/section>\n\t\t<div class=\"elementor-element elementor-element-f5ad83d e-flex e-con-boxed cmsmasters-block-default e-con e-parent\" data-id=\"f5ad83d\" data-element_type=\"container\">\n\t\t\t\t\t<div class=\"e-con-inner\">\n\t\t<div class=\"elementor-element elementor-element-4657a4c e-con-full e-flex cmsmasters-block-default e-con e-child\" data-id=\"4657a4c\" data-element_type=\"container\">\n\t\t\t\t<div class=\"elementor-element elementor-element-e17c1aa elementor-widget__width-initial cmsmasters-block-default cmsmasters-sticky-default elementor-widget elementor-widget-heading\" data-id=\"e17c1aa\" data-element_type=\"widget\" data-widget_type=\"heading.default\">\n\t\t\t\t<div class=\"elementor-widget-container\">\n\t\t\t<h2 class=\"elementor-heading-title elementor-size-default\">Contact information<\/h2>\t\t<\/div>\n\t\t\t\t<\/div>\n\t\t\t\t<div class=\"elementor-element elementor-element-d48558e cmsmasters-block-default cmsmasters-sticky-default elementor-widget elementor-widget-heading\" data-id=\"d48558e\" data-element_type=\"widget\" data-widget_type=\"heading.default\">\n\t\t\t\t<div class=\"elementor-widget-container\">\n\t\t\t<p class=\"elementor-heading-title elementor-size-default\">Come and visit us and find out how acupuncture can help you. <\/p>\t\t<\/div>\n\t\t\t\t<\/div>\n\t\t<div class=\"elementor-element elementor-element-3d98c01 e-flex e-con-boxed cmsmasters-block-default e-con e-child\" data-id=\"3d98c01\" data-element_type=\"container\">\n\t\t\t\t\t<div class=\"e-con-inner\">\n\t\t<div class=\"elementor-element elementor-element-2c66d6e e-con-full e-flex cmsmasters-block-default e-con e-child\" data-id=\"2c66d6e\" data-element_type=\"container\">\n\t\t\t\t<div class=\"elementor-element elementor-element-de9c97e cmsmasters-block-default cmsmasters-sticky-default elementor-widget elementor-widget-heading\" data-id=\"de9c97e\" data-element_type=\"widget\" data-widget_type=\"heading.default\">\n\t\t\t\t<div class=\"elementor-widget-container\">\n\t\t\t<h6 class=\"elementor-heading-title elementor-size-default\">Address<\/h6>\t\t<\/div>\n\t\t\t\t<\/div>\n\t\t\t\t<div class=\"elementor-element elementor-element-03f767e cmsmasters-block-default cmsmasters-sticky-default elementor-widget elementor-widget-text-editor\" data-id=\"03f767e\" data-element_type=\"widget\" data-widget_type=\"text-editor.default\">\n\t\t\t\t<div class=\"elementor-widget-container\">\n\t\t\t\t\t\t\t<p>Carrer de Linares, 3<br \/>L&#8217;Olivereta, 46018 Val\u00e8ncia, Valencia<\/p>\t\t\t\t\t\t<\/div>\n\t\t\t\t<\/div>\n\t\t\t\t<\/div>\n\t\t<div class=\"elementor-element elementor-element-b538d2d e-con-full e-flex cmsmasters-block-default e-con e-child\" data-id=\"b538d2d\" data-element_type=\"container\">\n\t\t\t\t<div class=\"elementor-element elementor-element-442f79e cmsmasters-block-default cmsmasters-sticky-default elementor-widget elementor-widget-heading\" data-id=\"442f79e\" data-element_type=\"widget\" data-widget_type=\"heading.default\">\n\t\t\t\t<div class=\"elementor-widget-container\">\n\t\t\t<h6 class=\"elementor-heading-title elementor-size-default\">Timetables<\/h6>\t\t<\/div>\n\t\t\t\t<\/div>\n\t\t\t\t<div class=\"elementor-element elementor-element-b10a0c8 cmsmasters-block-default cmsmasters-sticky-default elementor-widget elementor-widget-text-editor\" data-id=\"b10a0c8\" data-element_type=\"widget\" data-widget_type=\"text-editor.default\">\n\t\t\t\t<div class=\"elementor-widget-container\">\n\t\t\t\t\t\t\t<p>Mon - Fri<br \/>10:00 &#8211; 14:00<br \/>17:00 &#8211; 20:00<\/p><p>Sat - Sun<br \/>Closed<\/p>\t\t\t\t\t\t<\/div>\n\t\t\t\t<\/div>\n\t\t\t\t<\/div>\n\t\t\t\t\t<\/div>\n\t\t\t\t<\/div>\n\t\t\t\t<\/div>\n\t\t<div class=\"elementor-element elementor-element-ee7bb03 e-con-full e-flex cmsmasters-block-default e-con e-child\" data-id=\"ee7bb03\" data-element_type=\"container\">\n\t\t\t\t<div class=\"elementor-element elementor-element-1dda088 cmsmasters-block-default cmsmasters-sticky-default elementor-widget elementor-widget-cmsmasters-google-maps\" data-id=\"1dda088\" data-element_type=\"widget\" data-settings=\"{&quot;address&quot;:&quot;Carrer de Linares, 3, L&#039;Olivereta, 46018 Val\\u00e8ncia, Valencia&quot;,&quot;markers&quot;:[{&quot;0&quot;:&quot;address_mark&quot;,&quot;_id&quot;:&quot;8c554c5&quot;,&quot;address_mark&quot;:&quot;Carrer de Linares, 3, L&#039;Olivereta, 46018 Val\\u00e8ncia, Valencia&quot;,&quot;coordinates_mark_lat&quot;:null,&quot;coordinates_mark_lng&quot;:null,&quot;address_type&quot;:&quot;address&quot;,&quot;animation_marker&quot;:&quot;none&quot;,&quot;mark_icon&quot;:{&quot;url&quot;:&quot;&quot;,&quot;id&quot;:&quot;&quot;,&quot;size&quot;:&quot;&quot;},&quot;mark_desc&quot;:&quot;&quot;,&quot;desc_show&quot;:&quot;no&quot;,&quot;mark_title&quot;:&quot;&quot;}],&quot;address_type_global&quot;:&quot;address-g&quot;,&quot;map_type&quot;:&quot;roadmap&quot;,&quot;zoom&quot;:{&quot;unit&quot;:&quot;px&quot;,&quot;size&quot;:15,&quot;sizes&quot;:[]},&quot;map_type_control&quot;:&quot;no&quot;,&quot;street_view_control&quot;:&quot;no&quot;,&quot;fullscreen_control&quot;:&quot;no&quot;,&quot;gesture_handling&quot;:&quot;yes&quot;}\" data-widget_type=\"cmsmasters-google-maps.default\">\n\t\t\t\t<div class=\"elementor-widget-container\">\n\t\t\t<div class=\"elementor-widget-cmsmasters-google-maps__wrapper\"><\/div>\t\t<\/div>\n\t\t\t\t<\/div>\n\t\t\t\t<\/div>\n\t\t\t\t\t<\/div>\n\t\t\t\t<\/div>\n\t\t<div class=\"elementor-element elementor-element-296ad6b e-flex e-con-boxed cmsmasters-block-default e-con e-parent\" data-id=\"296ad6b\" data-element_type=\"container\">\n\t\t\t\t\t<div class=\"e-con-inner\">\n\t\t<div class=\"elementor-element elementor-element-3e7e20f e-con-full e-flex cmsmasters-block-default e-con e-child\" data-id=\"3e7e20f\" data-element_type=\"container\">\n\t\t\t\t<div class=\"elementor-element elementor-element-b5e7fb4 cmsmasters-block-default cmsmasters-sticky-default elementor-widget elementor-widget-image\" data-id=\"b5e7fb4\" data-element_type=\"widget\" data-widget_type=\"image.default\">\n\t\t\t\t<div class=\"elementor-widget-container\">\n\t\t\t\t\t\t\t\t\t\t\t\t\t<img fetchpriority=\"high\" decoding=\"async\" width=\"765\" height=\"1020\" src=\"https:\/\/www.acupunturashin.es\/wp-content\/uploads\/2024\/11\/2020-09-09-4-1-30x40.jpg\" class=\"attachment-full size-full wp-image-40221 cmsmasters_img cmsmasters-lazyload lazyload\" alt=\"Cont\u00e1ctanos Acupuntura Shin | Tu Bienestar Empieza Aqu\u00ed\" data-sizes=\"(max-width: 765px) 100vw, 765px\" data-src=\"https:\/\/www.acupunturashin.es\/wp-content\/uploads\/2024\/11\/2020-09-09-4-1.jpg\" data-srcset=\"https:\/\/www.acupunturashin.es\/wp-content\/uploads\/2024\/11\/2020-09-09-4-1.jpg 765w, https:\/\/www.acupunturashin.es\/wp-content\/uploads\/2024\/11\/2020-09-09-4-1-225x300.jpg 225w, https:\/\/www.acupunturashin.es\/wp-content\/uploads\/2024\/11\/2020-09-09-4-1-600x800.jpg 600w, https:\/\/www.acupunturashin.es\/wp-content\/uploads\/2024\/11\/2020-09-09-4-1-30x40.jpg 30w, https:\/\/www.acupunturashin.es\/wp-content\/uploads\/2024\/11\/2020-09-09-4-1-8x10.jpg 8w\" srcset=\"https:\/\/www.acupunturashin.es\/wp-content\/uploads\/2024\/11\/2020-09-09-4-1-30x40.jpg 30w, https:\/\/www.acupunturashin.es\/wp-content\/uploads\/2024\/11\/2020-09-09-4-1-225x300.jpg 225w, https:\/\/www.acupunturashin.es\/wp-content\/uploads\/2024\/11\/2020-09-09-4-1-600x800.jpg 600w, https:\/\/www.acupunturashin.es\/wp-content\/uploads\/2024\/11\/2020-09-09-4-1-8x10.jpg 8w, https:\/\/www.acupunturashin.es\/wp-content\/uploads\/2024\/11\/2020-09-09-4-1.jpg 765w\" sizes=\"(max-width: 765px) 100vw, 765px\" \/>\t\t\t\t\t\t\t\t\t\t\t\t\t<\/div>\n\t\t\t\t<\/div>\n\t\t\t\t<\/div>\n\t\t<div class=\"elementor-element elementor-element-f9e79ae e-con-full e-flex cmsmasters-block-default e-con e-child\" data-id=\"f9e79ae\" data-element_type=\"container\">\n\t\t\t\t<div class=\"elementor-element elementor-element-d9c8912 cmsmasters-block-default cmsmasters-sticky-default elementor-widget elementor-widget-heading\" data-id=\"d9c8912\" data-element_type=\"widget\" data-widget_type=\"heading.default\">\n\t\t\t\t<div class=\"elementor-widget-container\">\n\t\t\t<h2 class=\"elementor-heading-title elementor-size-default\">Ask us!<\/h2>\t\t<\/div>\n\t\t\t\t<\/div>\n\t\t\t\t<div class=\"elementor-element elementor-element-127c206 cmsmasters-block-default cmsmasters-sticky-default elementor-widget elementor-widget-text-editor\" data-id=\"127c206\" data-element_type=\"widget\" data-widget_type=\"text-editor.default\">\n\t\t\t\t<div class=\"elementor-widget-container\">\n\t\t\t\t\t\t\t<p>If you have any questions, you can contact us. Please fill in the form.<\/p>\t\t\t\t\t\t<\/div>\n\t\t\t\t<\/div>\n\t\t\t\t<div class=\"elementor-element elementor-element-223e59d cmsmasters-block-default cmsmasters-sticky-default elementor-widget elementor-widget-cmsmasters-forminator\" data-id=\"223e59d\" data-element_type=\"widget\" data-settings=\"{&quot;form_list&quot;:&quot;54&quot;}\" data-widget_type=\"cmsmasters-forminator.default\">\n\t\t\t\t<div class=\"elementor-widget-container\">\n\t\t\t<div class=\"elementor-widget-cmsmasters-contact-form__wrapper elementor-widget-cmsmasters-contact-form cmsmasters-default-color cmsmasters-default-font\" id=\"cmsmasters-widget-form-223e59d\">\n\t\t\t<div class=\"elementor-widget-cmsmasters-contact-form__inner\"><div class=\"forminator-ui forminator-custom-form forminator-custom-form-54 forminator-design--default forminator-custom forminator_ajax\" data-forminator-render=\"0\" data-form=\"forminator-module-54\" data-uid=\"69e4dfa37679a\"><br\/><\/div><form\n\t\t\t\tid=\"forminator-module-54\"\n\t\t\t\tclass=\"forminator-ui forminator-custom-form forminator-custom-form-54 forminator-design--default forminator-custom forminator_ajax\"\n\t\t\t\tmethod=\"post\"\n\t\t\t\tdata-forminator-render=\"0\"\n\t\t\t\tdata-form-id=\"54\"\n\t\t\t\t\n\t\t\t\tdata-design=\"default\"\n\t\t\t\t\n\t\t\t\t\n\t\t\t\t\n\t\t\t\tdata-grid=\"custom\"\n\t\t\t\t\n\t\t\t\t\n\t\t\t\tstyle=\"display: none;\"\n\t\t\t\t\n\t\t\t\tdata-uid=\"69e4dfa37679a\"\n\t\t\t><div role=\"alert\" aria-live=\"polite\" class=\"forminator-response-message forminator-error\" aria-hidden=\"true\"><\/div><div class=\"forminator-row\"><div id=\"name-1\" class=\"forminator-field-name forminator-col forminator-col-6\"><div class=\"forminator-field\"><label for=\"forminator-field-name-1_69e4dfa37679a\" id=\"forminator-field-name-1_69e4dfa37679a-label\" class=\"forminator-label\">Name<\/label><input type=\"text\" name=\"name-1\" value=\"\" placeholder=\"\" id=\"forminator-field-name-1_69e4dfa37679a\" class=\"forminator-input forminator-name--field\" aria-required=\"false\" \/><\/div><\/div><div id=\"email-1\" class=\"forminator-field-email forminator-col forminator-col-6\"><div class=\"forminator-field\"><label for=\"forminator-field-email-1_69e4dfa37679a\" id=\"forminator-field-email-1_69e4dfa37679a-label\" class=\"forminator-label\">E-mail<\/label><input type=\"email\" name=\"email-1\" value=\"\" placeholder=\"\" id=\"forminator-field-email-1_69e4dfa37679a\" class=\"forminator-input forminator-email--field\" data-required=\"\" aria-required=\"false\" \/><\/div><\/div><\/div><div class=\"forminator-row\"><div id=\"textarea-1\" class=\"forminator-field-textarea forminator-col forminator-col-12\"><div class=\"forminator-field\"><label for=\"forminator-field-textarea-1_69e4dfa37679a\" id=\"forminator-field-textarea-1_69e4dfa37679a-label\" class=\"forminator-label\">Tell us more!<\/label><textarea name=\"textarea-1\" placeholder=\"\" id=\"forminator-field-textarea-1_69e4dfa37679a\" class=\"forminator-textarea\" rows=\"6\" style=\"min-height:140px;\" ><\/textarea><\/div><\/div><\/div><input type=\"hidden\" name=\"referer_url\" value=\"\" \/><div class=\"forminator-row forminator-row-last\"><div class=\"forminator-col\"><div class=\"forminator-field\"><button class=\"forminator-button forminator-button-submit\">Send<\/button><\/div><\/div><\/div><input type=\"hidden\" id=\"forminator_nonce\" name=\"forminator_nonce\" value=\"b571524a00\" \/><input type=\"hidden\" name=\"_wp_http_referer\" value=\"\/en\/wp-json\/wp\/v2\/pages\/40049\" \/><input type=\"hidden\" name=\"form_id\" value=\"54\"><input type=\"hidden\" name=\"page_id\" value=\"40049\"><input type=\"hidden\" name=\"form_type\" value=\"default\"><input type=\"hidden\" name=\"current_url\" value=\"https:\/\/www.acupunturashin.es\/en\/contactanos\/\"><input type=\"hidden\" name=\"render_id\" value=\"0\"><input type=\"hidden\" name=\"action\" value=\"forminator_submit_form_custom-forms\"><input type=\"hidden\" name=\"trp-form-language\" value=\"en\"\/><\/form><\/div>\n\t\t<\/div>\t\t<\/div>\n\t\t\t\t<\/div>\n\t\t\t\t<\/div>\n\t\t\t\t\t<\/div>\n\t\t\t\t<\/div>\n\t\t\t\t<\/div>","protected":false},"excerpt":{"rendered":"<p>Contacto \u00a1Cont\u00e1ctanos! Ll\u00e1manos+34 963 26 29 28 M\u00e1ndanos un WhatsApp+34 657 40 52 87 Informaci\u00f3n de contacto Ven a visitarnos y descubre c\u00f3mo la acupuntura puede ayudarte Direcci\u00f3n Carrer de Linares, 3L&#8217;Olivereta, 46018 Val\u00e8ncia, Valencia Horarios Lun &#8211; Vie10:00 &#8211; 14:0017:00 &#8211; 20:00 Sab &#8211; DomCerrado Preg\u00fantanos! Si tienes alguna pregunta, puedes ponerte en contacto&#8230;<\/p>","protected":false},"author":1,"featured_media":0,"parent":0,"menu_order":0,"comment_status":"closed","ping_status":"closed","template":"","meta":{"_acf_changed":false,"footnotes":""},"class_list":["post-40049","page","type-page","status-publish","hentry"],"acf":[],"yoast_head":"<!-- This site is optimized with the Yoast SEO plugin v23.9 - https:\/\/yoast.com\/wordpress\/plugins\/seo\/ -->\n<title>Cont\u00e1ctanos | Acupuntura Shin<\/title>\n<meta name=\"description\" content=\"\u00bfBuscas una cl\u00ednica de acupuntura en Valencia? Cont\u00e1ctanos en Acupuntura Shin para m\u00e1s informaci\u00f3n o para reservar tu cita.\" \/>\n<meta name=\"robots\" content=\"index, follow, max-snippet:-1, max-image-preview:large, max-video-preview:-1\" \/>\n<link rel=\"canonical\" href=\"https:\/\/www.acupunturashin.es\/en\/contactanos\/\" \/>\n<meta property=\"og:locale\" content=\"en_GB\" \/>\n<meta property=\"og:type\" content=\"article\" \/>\n<meta property=\"og:title\" content=\"Cont\u00e1ctanos | Acupuntura Shin\" \/>\n<meta property=\"og:description\" content=\"\u00bfBuscas una cl\u00ednica de acupuntura en Valencia? Cont\u00e1ctanos en Acupuntura Shin para m\u00e1s informaci\u00f3n o para reservar tu cita.\" \/>\n<meta property=\"og:url\" content=\"https:\/\/www.acupunturashin.es\/en\/contactanos\/\" \/>\n<meta property=\"og:site_name\" content=\"Acupuntura Shin\" \/>\n<meta property=\"article:modified_time\" content=\"2024-12-02T10:13:41+00:00\" \/>\n<meta property=\"og:image\" content=\"https:\/\/www.acupunturashin.es\/wp-content\/uploads\/2024\/11\/2020-09-09-4-1-30x40.jpg\" \/>\n<meta name=\"twitter:card\" content=\"summary_large_image\" \/>\n<meta name=\"twitter:label1\" content=\"Estimated reading time\" \/>\n\t<meta name=\"twitter:data1\" content=\"1 minute\" \/>\n<script type=\"application\/ld+json\" class=\"yoast-schema-graph\">{\"@context\":\"https:\/\/schema.org\",\"@graph\":[{\"@type\":\"WebPage\",\"@id\":\"https:\/\/www.acupunturashin.es\/contactanos\/\",\"url\":\"https:\/\/www.acupunturashin.es\/contactanos\/\",\"name\":\"Cont\u00e1ctanos | Acupuntura Shin\",\"isPartOf\":{\"@id\":\"https:\/\/www.acupunturashin.es\/#website\"},\"primaryImageOfPage\":{\"@id\":\"https:\/\/www.acupunturashin.es\/contactanos\/#primaryimage\"},\"image\":{\"@id\":\"https:\/\/www.acupunturashin.es\/contactanos\/#primaryimage\"},\"thumbnailUrl\":\"https:\/\/www.acupunturashin.es\/wp-content\/uploads\/2024\/11\/2020-09-09-4-1-30x40.jpg\",\"datePublished\":\"2024-11-07T08:27:46+00:00\",\"dateModified\":\"2024-12-02T10:13:41+00:00\",\"description\":\"\u00bfBuscas una cl\u00ednica de acupuntura en Valencia? Cont\u00e1ctanos en Acupuntura Shin para m\u00e1s informaci\u00f3n o para reservar tu cita.\",\"breadcrumb\":{\"@id\":\"https:\/\/www.acupunturashin.es\/contactanos\/#breadcrumb\"},\"inLanguage\":\"en-GB\",\"potentialAction\":[{\"@type\":\"ReadAction\",\"target\":[\"https:\/\/www.acupunturashin.es\/contactanos\/\"]}]},{\"@type\":\"ImageObject\",\"inLanguage\":\"en-GB\",\"@id\":\"https:\/\/www.acupunturashin.es\/contactanos\/#primaryimage\",\"url\":\"https:\/\/www.acupunturashin.es\/wp-content\/uploads\/2024\/11\/2020-09-09-4-1-30x40.jpg\",\"contentUrl\":\"https:\/\/www.acupunturashin.es\/wp-content\/uploads\/2024\/11\/2020-09-09-4-1-30x40.jpg\"},{\"@type\":\"BreadcrumbList\",\"@id\":\"https:\/\/www.acupunturashin.es\/contactanos\/#breadcrumb\",\"itemListElement\":[{\"@type\":\"ListItem\",\"position\":1,\"name\":\"Portada\",\"item\":\"https:\/\/www.acupunturashin.es\/\"},{\"@type\":\"ListItem\",\"position\":2,\"name\":\"Cont\u00e1ctanos\"}]},{\"@type\":\"WebSite\",\"@id\":\"https:\/\/www.acupunturashin.es\/#website\",\"url\":\"https:\/\/www.acupunturashin.es\/\",\"name\":\"Acupuntura Shin\",\"description\":\"\",\"potentialAction\":[{\"@type\":\"SearchAction\",\"target\":{\"@type\":\"EntryPoint\",\"urlTemplate\":\"https:\/\/www.acupunturashin.es\/?s={search_term_string}\"},\"query-input\":{\"@type\":\"PropertyValueSpecification\",\"valueRequired\":true,\"valueName\":\"search_term_string\"}}],\"inLanguage\":\"en-GB\"}]}<\/script>\n<!-- \/ Yoast SEO plugin. -->","yoast_head_json":{"title":"Cont\u00e1ctanos | Acupuntura Shin","description":"\u00bfBuscas una cl\u00ednica de acupuntura en Valencia? Cont\u00e1ctanos en Acupuntura Shin para m\u00e1s informaci\u00f3n o para reservar tu cita.","robots":{"index":"index","follow":"follow","max-snippet":"max-snippet:-1","max-image-preview":"max-image-preview:large","max-video-preview":"max-video-preview:-1"},"canonical":"https:\/\/www.acupunturashin.es\/en\/contactanos\/","og_locale":"en_GB","og_type":"article","og_title":"Cont\u00e1ctanos | Acupuntura Shin","og_description":"\u00bfBuscas una cl\u00ednica de acupuntura en Valencia? Cont\u00e1ctanos en Acupuntura Shin para m\u00e1s informaci\u00f3n o para reservar tu cita.","og_url":"https:\/\/www.acupunturashin.es\/en\/contactanos\/","og_site_name":"Acupuntura Shin","article_modified_time":"2024-12-02T10:13:41+00:00","og_image":[{"url":"https:\/\/www.acupunturashin.es\/wp-content\/uploads\/2024\/11\/2020-09-09-4-1-30x40.jpg"}],"twitter_card":"summary_large_image","twitter_misc":{"Estimated reading time":"1 minute"},"schema":{"@context":"https:\/\/schema.org","@graph":[{"@type":"WebPage","@id":"https:\/\/www.acupunturashin.es\/contactanos\/","url":"https:\/\/www.acupunturashin.es\/contactanos\/","name":"Cont\u00e1ctanos | Acupuntura Shin","isPartOf":{"@id":"https:\/\/www.acupunturashin.es\/#website"},"primaryImageOfPage":{"@id":"https:\/\/www.acupunturashin.es\/contactanos\/#primaryimage"},"image":{"@id":"https:\/\/www.acupunturashin.es\/contactanos\/#primaryimage"},"thumbnailUrl":"https:\/\/www.acupunturashin.es\/wp-content\/uploads\/2024\/11\/2020-09-09-4-1-30x40.jpg","datePublished":"2024-11-07T08:27:46+00:00","dateModified":"2024-12-02T10:13:41+00:00","description":"\u00bfBuscas una cl\u00ednica de acupuntura en Valencia? Cont\u00e1ctanos en Acupuntura Shin para m\u00e1s informaci\u00f3n o para reservar tu cita.","breadcrumb":{"@id":"https:\/\/www.acupunturashin.es\/contactanos\/#breadcrumb"},"inLanguage":"en-GB","potentialAction":[{"@type":"ReadAction","target":["https:\/\/www.acupunturashin.es\/contactanos\/"]}]},{"@type":"ImageObject","inLanguage":"en-GB","@id":"https:\/\/www.acupunturashin.es\/contactanos\/#primaryimage","url":"https:\/\/www.acupunturashin.es\/wp-content\/uploads\/2024\/11\/2020-09-09-4-1-30x40.jpg","contentUrl":"https:\/\/www.acupunturashin.es\/wp-content\/uploads\/2024\/11\/2020-09-09-4-1-30x40.jpg"},{"@type":"BreadcrumbList","@id":"https:\/\/www.acupunturashin.es\/contactanos\/#breadcrumb","itemListElement":[{"@type":"ListItem","position":1,"name":"Portada","item":"https:\/\/www.acupunturashin.es\/"},{"@type":"ListItem","position":2,"name":"Cont\u00e1ctanos"}]},{"@type":"WebSite","@id":"https:\/\/www.acupunturashin.es\/#website","url":"https:\/\/www.acupunturashin.es\/","name":"Acupuntura Shin","description":"","potentialAction":[{"@type":"SearchAction","target":{"@type":"EntryPoint","urlTemplate":"https:\/\/www.acupunturashin.es\/?s={search_term_string}"},"query-input":{"@type":"PropertyValueSpecification","valueRequired":true,"valueName":"search_term_string"}}],"inLanguage":"en-GB"}]}},"_links":{"self":[{"href":"https:\/\/www.acupunturashin.es\/en\/wp-json\/wp\/v2\/pages\/40049","targetHints":{"allow":["GET"]}}],"collection":[{"href":"https:\/\/www.acupunturashin.es\/en\/wp-json\/wp\/v2\/pages"}],"about":[{"href":"https:\/\/www.acupunturashin.es\/en\/wp-json\/wp\/v2\/types\/page"}],"author":[{"embeddable":true,"href":"https:\/\/www.acupunturashin.es\/en\/wp-json\/wp\/v2\/users\/1"}],"replies":[{"embeddable":true,"href":"https:\/\/www.acupunturashin.es\/en\/wp-json\/wp\/v2\/comments?post=40049"}],"version-history":[{"count":47,"href":"https:\/\/www.acupunturashin.es\/en\/wp-json\/wp\/v2\/pages\/40049\/revisions"}],"predecessor-version":[{"id":40420,"href":"https:\/\/www.acupunturashin.es\/en\/wp-json\/wp\/v2\/pages\/40049\/revisions\/40420"}],"wp:attachment":[{"href":"https:\/\/www.acupunturashin.es\/en\/wp-json\/wp\/v2\/media?parent=40049"}],"curies":[{"name":"wp","href":"https:\/\/api.w.org\/{rel}","templated":true}]}}